{"id":88,"date":"2020-06-02T19:01:39","date_gmt":"2020-06-02T19:01:39","guid":{"rendered":"http:\/\/dd-qualitaet.de\/?page_id=88"},"modified":"2023-01-09T09:31:43","modified_gmt":"2023-01-09T09:31:43","slug":"iso-9001-qualitaetsmanagement","status":"publish","type":"page","link":"https:\/\/dd-qualitaet.de\/?page_id=88","title":{"rendered":"DIN EN ISO 9001:2015 Qualit\u00e4tsmanagement"},"content":{"rendered":"\n<h2>Qualit\u00e4tsmanagement &#8211; Entwicklung &#8211; nicht Beratung \ud83d\ude09<\/h2>\n\n\n\n<p>Qualit\u00e4t macht Spa\u00df &#8211; ich zeige Ihnen wie! Sie wollen doch nicht nur die Pappe an der Wand haben und unter dem Motto &#8222;Hilfe der Auditor kommt&#8220; Zettel erzeugen, die so gar nicht zu Ihnen passen, oder?<\/p>\n\n\n\n<figure class=\"wp-block-image size-large\"><img loading=\"lazy\" width=\"588\" height=\"1024\" src=\"https:\/\/dd-qualitaet.de\/wp-content\/uploads\/2021\/05\/100085816_1585774168237625_6142095501509525504_n-1-588x1024.jpg\" alt=\"\" class=\"wp-image-211\" srcset=\"https:\/\/dd-qualitaet.de\/wp-content\/uploads\/2021\/05\/100085816_1585774168237625_6142095501509525504_n-1-588x1024.jpg 588w, https:\/\/dd-qualitaet.de\/wp-content\/uploads\/2021\/05\/100085816_1585774168237625_6142095501509525504_n-1-172x300.jpg 172w, https:\/\/dd-qualitaet.de\/wp-content\/uploads\/2021\/05\/100085816_1585774168237625_6142095501509525504_n-1-768x1338.jpg 768w, https:\/\/dd-qualitaet.de\/wp-content\/uploads\/2021\/05\/100085816_1585774168237625_6142095501509525504_n-1-882x1536.jpg 882w, https:\/\/dd-qualitaet.de\/wp-content\/uploads\/2021\/05\/100085816_1585774168237625_6142095501509525504_n-1.jpg 1080w\" sizes=\"(max-width: 588px) 100vw, 588px\" \/><\/figure>\n\n\n\n<p>Gerne bin ich f\u00fcr Sie da, in dem wir gemeinsam ein Managementsystem aufzeichnen, dass SIE sind! Der Spiegel Ihres Unternehmens, dass was IHREN Erfolg ausmacht. Ich komme nicht zu Ihnen um Sie zu belehren &#8211; ich bin f\u00fcr Sie da, weil ich die Tools habe, die Sie begeistern werden. Effektivit\u00e4t und Effizienz sollte unsere Erfolgsgeschichte ausmachen!<\/p>\n\n\n\n<p>Ein Managementsystem muss die Wordings und die Struktur mitlaufend haben. Alles was Sie etabliert haben, sollte auch genauso aufgezeichnet sein.<\/p>\n\n\n\n<figure class=\"wp-block-image size-large is-resized\"><img loading=\"lazy\" src=\"https:\/\/dd-qualitaet.de\/wp-content\/uploads\/2021\/05\/DSC04288_RE-1-1024x671.jpg\" alt=\"\" class=\"wp-image-209\" width=\"536\" height=\"308\"\/><figcaption>Zertifizierung in Neuss stolz h\u00e4lt das Unternehmen das wohlverdiente Zertifikat in den H\u00e4nden<\/figcaption><\/figure>\n\n\n\n<p class=\"has-medium-font-size\"><strong>Vorgehensweise:<\/strong><\/p>\n\n\n\n<p>Analyse Ihrer vorhandenen Strukturen und Vorgehensweisen<\/p>\n\n\n\n<figure class=\"wp-block-image size-large is-resized\"><img loading=\"lazy\" src=\"https:\/\/dd-qualitaet.de\/wp-content\/uploads\/2021\/05\/56334698_1238278709653841_7557122393286639616_n.jpg\" alt=\"\" class=\"wp-image-213\" width=\"607\" height=\"455\" srcset=\"https:\/\/dd-qualitaet.de\/wp-content\/uploads\/2021\/05\/56334698_1238278709653841_7557122393286639616_n.jpg 960w, https:\/\/dd-qualitaet.de\/wp-content\/uploads\/2021\/05\/56334698_1238278709653841_7557122393286639616_n-300x225.jpg 300w, https:\/\/dd-qualitaet.de\/wp-content\/uploads\/2021\/05\/56334698_1238278709653841_7557122393286639616_n-768x576.jpg 768w\" sizes=\"(max-width: 607px) 100vw, 607px\" \/><figcaption>Hier bei DURAPACT 2.0 Kompetenzzentrum Faserbeton GmbH mit dem Gesch\u00e4ftsf\u00fcher Jens M\u00fcller<\/figcaption><\/figure>\n\n\n\n<p>Anpassungen  und Optimierungen zur DIN EN ISO 9001:2015<\/p>\n\n\n\n<p>Erstellung aller notwendigen Dokumente und Tools<\/p>\n\n\n\n<p>Begleitung bis zum Zertifizierungsaudit<\/p>\n\n\n\n<p>\u00dcbernahme Interner Audits &#8211; System \/ Produkt \/ Prozess Lieferanten etc.<\/p>\n\n\n\n<p>\u00dcbernahme aller QM Aufgaben als externe QMB, sowie CSR Beauftragte<\/p>\n\n\n\n<p>Aufbau von Pr\u00fcfmittelmanagement inkl. \u00dcberwachung und Umsetzung<\/p>\n\n\n\n<p>Ausbildung und Trainings Ihrer Mitarbeiter<\/p>\n\n\n\n<figure class=\"wp-block-image size-large is-resized\"><img loading=\"lazy\" src=\"https:\/\/dd-qualitaet.de\/wp-content\/uploads\/2021\/05\/Schulung.jpg\" alt=\"\" class=\"wp-image-260\" width=\"355\" height=\"473\" srcset=\"https:\/\/dd-qualitaet.de\/wp-content\/uploads\/2021\/05\/Schulung.jpg 720w, https:\/\/dd-qualitaet.de\/wp-content\/uploads\/2021\/05\/Schulung-225x300.jpg 225w\" sizes=\"(max-width: 355px) 100vw, 355px\" \/><\/figure>\n\n\n\n<p>Organisation Lieferanten \/ Kundentage<\/p>\n\n\n\n<p>Speaker auf Ihren Events F\u00fchrung \/ Qualit\u00e4t \/ Motivation etc.<\/p>\n\n\n\n<p><\/p>\n","protected":false},"excerpt":{"rendered":"<p>Qualit\u00e4tsmanagement &#8211; Entwicklung &#8211; nicht Beratung \ud83d\ude09 Qualit\u00e4t macht Spa\u00df &#8211; ich zeige Ihnen wie! Sie wollen doch nicht nur die Pappe an der Wand haben und unter dem Motto &#8222;Hilfe der Auditor kommt&#8220; Zettel erzeugen, die so gar nicht zu Ihnen passen, oder? Gerne bin ich f\u00fcr Sie da, in dem wir gemeinsam ein [&hellip;]<\/p>\n","protected":false},"author":1,"featured_media":0,"parent":0,"menu_order":0,"comment_status":"closed","ping_status":"closed","template":"","meta":[],"_links":{"self":[{"href":"https:\/\/dd-qualitaet.de\/index.php?rest_route=\/wp\/v2\/pages\/88"}],"collection":[{"href":"https:\/\/dd-qualitaet.de\/index.php?rest_route=\/wp\/v2\/pages"}],"about":[{"href":"https:\/\/dd-qualitaet.de\/index.php?rest_route=\/wp\/v2\/types\/page"}],"author":[{"embeddable":true,"href":"https:\/\/dd-qualitaet.de\/index.php?rest_route=\/wp\/v2\/users\/1"}],"replies":[{"embeddable":true,"href":"https:\/\/dd-qualitaet.de\/index.php?rest_route=%2Fwp%2Fv2%2Fcomments&post=88"}],"version-history":[{"count":7,"href":"https:\/\/dd-qualitaet.de\/index.php?rest_route=\/wp\/v2\/pages\/88\/revisions"}],"predecessor-version":[{"id":338,"href":"https:\/\/dd-qualitaet.de\/index.php?rest_route=\/wp\/v2\/pages\/88\/revisions\/338"}],"wp:attachment":[{"href":"https:\/\/dd-qualitaet.de\/index.php?rest_route=%2Fwp%2Fv2%2Fmedia&parent=88"}],"curies":[{"name":"wp","href":"https:\/\/api.w.org\/{rel}","templated":true}]}}